{"id":702,"date":"2024-06-12T09:48:58","date_gmt":"2024-06-12T09:48:58","guid":{"rendered":"https:\/\/villmaris.pl\/vorschriften\/"},"modified":"2024-06-24T21:27:23","modified_gmt":"2024-06-24T21:27:23","slug":"vorschriften","status":"publish","type":"page","link":"https:\/\/villmaris.pl\/de\/vorschriften\/","title":{"rendered":"Vorschriften"},"content":{"rendered":"\t\t<div data-elementor-type=\"wp-page\" data-elementor-id=\"702\" class=\"elementor elementor-702 elementor-341\" data-elementor-post-type=\"page\">\n\t\t\t\t<div class=\"elementor-element elementor-element-0a2d4c1 e-flex e-con-boxed e-con e-parent\" data-id=\"0a2d4c1\" data-element_type=\"container\">\n\t\t\t\t\t<div class=\"e-con-inner\">\n\t\t\t\t<div class=\"elementor-element elementor-element-cabe8cd elementor-widget elementor-widget-heading\" data-id=\"cabe8cd\" data-element_type=\"widget\" data-widget_type=\"heading.default\">\n\t\t\t\t<div class=\"elementor-widget-container\">\n\t\t\t<style>\/*! elementor - v3.22.0 - 24-06-2024 *\/\n.elementor-heading-title{padding:0;margin:0;line-height:1}.elementor-widget-heading .elementor-heading-title[class*=elementor-size-]>a{color:inherit;font-size:inherit;line-height:inherit}.elementor-widget-heading .elementor-heading-title.elementor-size-small{font-size:15px}.elementor-widget-heading .elementor-heading-title.elementor-size-medium{font-size:19px}.elementor-widget-heading .elementor-heading-title.elementor-size-large{font-size:29px}.elementor-widget-heading .elementor-heading-title.elementor-size-xl{font-size:39px}.elementor-widget-heading .elementor-heading-title.elementor-size-xxl{font-size:59px}<\/style><h1 class=\"elementor-heading-title elementor-size-default\">VERORDNUNGEN<\/h1>\t\t<\/div>\n\t\t\t\t<\/div>\n\t\t\t\t<div class=\"elementor-element elementor-element-1d94a68 elementor-widget elementor-widget-heading\" data-id=\"1d94a68\" data-element_type=\"widget\" data-widget_type=\"heading.default\">\n\t\t\t\t<div class=\"elementor-widget-container\">\n\t\t\t<h3 class=\"elementor-heading-title elementor-size-default\">ONLINE-BUCHUNGSREGELN<\/h3>\t\t<\/div>\n\t\t\t\t<\/div>\n\t\t\t\t\t<\/div>\n\t\t\t\t<\/div>\n\t\t<div class=\"elementor-element elementor-element-6cf7426 e-flex e-con-boxed e-con e-parent\" data-id=\"6cf7426\" data-element_type=\"container\">\n\t\t\t\t\t<div class=\"e-con-inner\">\n\t\t\t\t<div class=\"elementor-element elementor-element-00b22dd elementor-widget elementor-widget-text-editor\" data-id=\"00b22dd\" data-element_type=\"widget\" data-widget_type=\"text-editor.default\">\n\t\t\t\t<div class=\"elementor-widget-container\">\n\t\t\t<style>\/*! elementor - v3.22.0 - 24-06-2024 *\/\n.elementor-widget-text-editor.elementor-drop-cap-view-stacked .elementor-drop-cap{background-color:#69727d;color:#fff}.elementor-widget-text-editor.elementor-drop-cap-view-framed .elementor-drop-cap{color:#69727d;border:3px solid;background-color:transparent}.elementor-widget-text-editor:not(.elementor-drop-cap-view-default) .elementor-drop-cap{margin-top:8px}.elementor-widget-text-editor:not(.elementor-drop-cap-view-default) .elementor-drop-cap-letter{width:1em;height:1em}.elementor-widget-text-editor .elementor-drop-cap{float:left;text-align:center;line-height:1;font-size:50px}.elementor-widget-text-editor .elementor-drop-cap-letter{display:inline-block}<\/style>\t\t\t\t<div id=\"element_1333_content\" class=\"content \"><h4 class=\"news_element h2_default_block\">I. RESERVIERUNG<\/h4><div id=\"element_1337_content\" class=\"content text_content\"><div class=\"ww_text_wrapper forceLineHeight wwTextContent\"><p>1 Die Reservierung gilt als best\u00e4tigt, sobald eine E-Mail mit der Best\u00e4tigung der Reservierung eingeht.<\/p><p>Die im System angezeigten Preise enthalten die Mehrwertsteuer. Kann auch andere Vorteile beinhalten, wie in der Angebotsbeschreibung angegeben.<\/p><div id=\"element_1334_content\" class=\"content \"><h4 class=\"news_element h2_default_block\">II. STORNIERUNG UND \u00c4NDERUNG VON RESERVIERUNGEN<\/h4><p>1. Werden die bei der Buchung beschriebenen Handlungen nicht innerhalb der vorgeschriebenen Frist durchgef\u00fchrt, f\u00fchrt dies zur automatischen Stornierung der Buchung.<\/p><p>2. Die Stornierung oder \u00c4nderung der Buchung ist \u00fcber einen Link in der E-Mail oder durch Kontaktaufnahme mit dem Service m\u00f6glich. Die Verwendung des Links in der E-Mail erm\u00f6glicht eine automatische, sofortige Stornierung der Buchung.<\/p><p>3. eine Vorauszahlung von 100 % des Buchungswerts ist erforderlich. Bis 30 Tage vor Buchungsbeginn werden 30 % des gezahlten Betrags erstattet. Bei weniger als 30 Tagen vor Buchungsbeginn ist der gezahlte Betrag nicht erstattungsf\u00e4hig.<\/p><div id=\"element_1335_content\" class=\"content \"><h4 class=\"news_element h2_default_block\">III. ABSCHLIESSENDE FESTSTELLUNGEN<\/h4><p>1 Die Person, die die Online-Buchung vornimmt, ist f\u00fcr die Richtigkeit der im Buchungsformular angegebenen Daten verantwortlich. Das Personal \u00fcbernimmt keine Verantwortung f\u00fcr falsch gew\u00e4hlte Daten oder falsch eingegebene Daten im Formular. Wenn Sie Unregelm\u00e4\u00dfigkeiten feststellen, die nicht durch eine Bearbeitung Ihrer Buchung korrigiert werden k\u00f6nnen, wenden Sie sich bitte dringend an das Personal.<\/p><p>2 Kontaktinformationen finden Sie unter &#8222;Kontakt&#8220;, oben im Buchungskalender und in E-Mails.<\/p><div id=\"element_1336_content\" class=\"content \"><h4 class=\"news_element h2_default_block\">IV. REGELUNGEN F\u00dcR DIE NUTZUNG DER WOHNUNG<\/h4><p>1. Verbot von Veranstaltungen.<\/p><p>Die Check-in-Zeit ist von 16 Uhr bis 10 Uhr morgens.<\/p><p>3. Die Anlage muss ab Mitternacht ruhig gehalten werden. 22:00 bis . 7:00 Uhr am n\u00e4chsten Tag.<\/p><p>4 Der Gast darf das Zimmer w\u00e4hrend des Mietverh\u00e4ltnisses nicht an andere Personen \u00fcbergeben.<\/p><p>5. Der Gast tr\u00e4gt die volle finanzielle Verantwortung f\u00fcr jegliche Besch\u00e4digung oder Zerst\u00f6rung von Gegenst\u00e4nden, Einrichtungen und technischen Ger\u00e4ten der Wohnung, die durch ihn oder seine Besucher verursacht werden. Der Gast sollte den Schaden melden, sobald er ihn entdeckt hat.<\/p><p>6. Der Eigent\u00fcmer der Wohnung haftet nicht f\u00fcr den Verlust oder die Besch\u00e4digung von Geld, Wertpapieren, Wertsachen, anderen Dingen und Gegenst\u00e4nden von Wert oder von wissenschaftlichem oder k\u00fcnstlerischem Wert.<\/p><p>7. Der Eigent\u00fcmer der Wohnung haftet nicht f\u00fcr Sch\u00e4den oder den Verlust eines Autos oder eines anderen Fahrzeugs, das einem Gast geh\u00f6rt.<\/p><p>8. Das Rauchen ist in der Wohnung strengstens verboten (auch auf dem Balkon). Verst\u00f6\u00dfe gegen das Rauchverbot werden mit einem Bu\u00dfgeld von 500 PLN geahndet, einschlie\u00dflich der Reinigung des Zimmers.<\/p><p>9. Es gibt einen Rauchmelder in der Wohnung. Bitte erzeugen Sie w\u00e4hrend Ihres Aufenthalts keinen Rauch, z.B. beim Kochen. Wenn der Melder aktiviert wird und die Feuerwehr eintrifft, werden Ihnen die Kosten f\u00fcr deren Eintreffen in Rechnung gestellt. Bleiben Sie beim Kochen und Backen in der Wohnung und schalten Sie die Dunstabzugshaube ein.<\/p><p>10. Das Verhalten der G\u00e4ste und der Personen, die die Dienstleistungen der Einrichtung nutzen, darf den friedlichen Aufenthalt anderer Personen nicht st\u00f6ren. Die Einrichtung kann sich weigern, einer Person, die gegen diese Regel verst\u00f6\u00dft, weiterhin Dienstleistungen zu erbringen.<\/p><p>11. Wenn Sie irgendwelche Probleme haben, kontaktieren Sie mich bitte unter villmarisapart@gmail.com oder \u00fcber booking.com oder unter +48 799 811 810.<\/p><\/div><\/div><\/div><\/div><\/div><\/div>\t\t\t\t\t\t<\/div>\n\t\t\t\t<\/div>\n\t\t\t\t\t<\/div>\n\t\t\t\t<\/div>\n\t\t\t\t<\/div>\n\t\t","protected":false},"excerpt":{"rendered":"<p>VERORDNUNGEN ONLINE-BUCHUNGSREGELN I. RESERVIERUNG 1 Die Reservierung gilt als best\u00e4tigt, sobald eine E-Mail mit der Best\u00e4tigung der Reservierung eingeht. Die [&hellip;]<\/p>\n","protected":false},"author":1,"featured_media":0,"parent":0,"menu_order":0,"comment_status":"closed","ping_status":"closed","template":"","meta":{"site-sidebar-layout":"no-sidebar","site-content-layout":"","ast-site-content-layout":"full-width-container","site-content-style":"default","site-sidebar-style":"default","ast-global-header-display":"","ast-banner-title-visibility":"","ast-main-header-display":"","ast-hfb-above-header-display":"","ast-hfb-below-header-display":"","ast-hfb-mobile-header-display":"","site-post-title":"disabled","ast-breadcrumbs-content":"","ast-featured-img":"disabled","footer-sml-layout":"","theme-transparent-header-meta":"","adv-header-id-meta":"","stick-header-meta":"","header-above-stick-meta":"","header-main-stick-meta":"","header-below-stick-meta":"","astra-migrate-meta-layouts":"default","ast-page-background-enabled":"default","ast-page-background-meta":{"desktop":{"background-color":"var(--ast-global-color-4)","background-image":"","background-repeat":"repeat","background-position":"center center","background-size":"auto","background-attachment":"scroll","background-type":"","background-media":"","overlay-type":"","overlay-color":"","overlay-opacity":"","overlay-gradient":""},"tablet":{"background-color":"","background-image":"","background-repeat":"repeat","background-position":"center center","background-size":"auto","background-attachment":"scroll","background-type":"","background-media":"","overlay-type":"","overlay-color":"","overlay-opacity":"","overlay-gradient":""},"mobile":{"background-color":"","background-image":"","background-repeat":"repeat","background-position":"center center","background-size":"auto","background-attachment":"scroll","background-type":"","background-media":"","overlay-type":"","overlay-color":"","overlay-opacity":"","overlay-gradient":""}},"ast-content-background-meta":{"desktop":{"background-color":"var(--ast-global-color-5)","background-image":"","background-repeat":"repeat","background-position":"center center","background-size":"auto","background-attachment":"scroll","background-type":"","background-media":"","overlay-type":"","overlay-color":"","overlay-opacity":"","overlay-gradient":""},"tablet":{"background-color":"var(--ast-global-color-5)","background-image":"","background-repeat":"repeat","background-position":"center center","background-size":"auto","background-attachment":"scroll","background-type":"","background-media":"","overlay-type":"","overlay-color":"","overlay-opacity":"","overlay-gradient":""},"mobile":{"background-color":"var(--ast-global-color-5)","background-image":"","background-repeat":"repeat","background-position":"center center","background-size":"auto","background-attachment":"scroll","background-type":"","background-media":"","overlay-type":"","overlay-color":"","overlay-opacity":"","overlay-gradient":""}},"footnotes":""},"_links":{"self":[{"href":"https:\/\/villmaris.pl\/de\/wp-json\/wp\/v2\/pages\/702"}],"collection":[{"href":"https:\/\/villmaris.pl\/de\/wp-json\/wp\/v2\/pages"}],"about":[{"href":"https:\/\/villmaris.pl\/de\/wp-json\/wp\/v2\/types\/page"}],"author":[{"embeddable":true,"href":"https:\/\/villmaris.pl\/de\/wp-json\/wp\/v2\/users\/1"}],"replies":[{"embeddable":true,"href":"https:\/\/villmaris.pl\/de\/wp-json\/wp\/v2\/comments?post=702"}],"version-history":[{"count":4,"href":"https:\/\/villmaris.pl\/de\/wp-json\/wp\/v2\/pages\/702\/revisions"}],"predecessor-version":[{"id":889,"href":"https:\/\/villmaris.pl\/de\/wp-json\/wp\/v2\/pages\/702\/revisions\/889"}],"wp:attachment":[{"href":"https:\/\/villmaris.pl\/de\/wp-json\/wp\/v2\/media?parent=702"}],"curies":[{"name":"wp","href":"https:\/\/api.w.org\/{rel}","templated":true}]}}