{"id":693,"date":"2024-06-12T10:56:10","date_gmt":"2024-06-12T10:56:10","guid":{"rendered":"https:\/\/villmaris.pl\/anleitung-seaside\/"},"modified":"2024-06-22T07:22:56","modified_gmt":"2024-06-22T07:22:56","slug":"anleitung-seaside","status":"publish","type":"page","link":"https:\/\/villmaris.pl\/de\/anleitung-seaside\/","title":{"rendered":"Anleitung Seaside"},"content":{"rendered":"\t\t<div data-elementor-type=\"wp-page\" data-elementor-id=\"693\" class=\"elementor elementor-693 elementor-368\" data-elementor-post-type=\"page\">\n\t\t\t\t<div class=\"elementor-element elementor-element-ff085de e-flex e-con-boxed e-con e-parent\" data-id=\"ff085de\" data-element_type=\"container\">\n\t\t\t\t\t<div class=\"e-con-inner\">\n\t\t\t\t<div class=\"elementor-element elementor-element-6246f91 elementor-widget elementor-widget-heading\" data-id=\"6246f91\" data-element_type=\"widget\" data-widget_type=\"heading.default\">\n\t\t\t\t<div class=\"elementor-widget-container\">\n\t\t\t<style>\/*! elementor - v3.22.0 - 24-06-2024 *\/\n.elementor-heading-title{padding:0;margin:0;line-height:1}.elementor-widget-heading .elementor-heading-title[class*=elementor-size-]>a{color:inherit;font-size:inherit;line-height:inherit}.elementor-widget-heading .elementor-heading-title.elementor-size-small{font-size:15px}.elementor-widget-heading .elementor-heading-title.elementor-size-medium{font-size:19px}.elementor-widget-heading .elementor-heading-title.elementor-size-large{font-size:29px}.elementor-widget-heading .elementor-heading-title.elementor-size-xl{font-size:39px}.elementor-widget-heading .elementor-heading-title.elementor-size-xxl{font-size:59px}<\/style><h2 class=\"elementor-heading-title elementor-size-default\">CHECK-IN-ANWEISUNGEN PRIVATWOHNUNG AM MEER<\/h2>\t\t<\/div>\n\t\t\t\t<\/div>\n\t\t\t\t\t<\/div>\n\t\t\t\t<\/div>\n\t\t<div class=\"elementor-element elementor-element-354627c e-flex e-con-boxed e-con e-parent\" data-id=\"354627c\" data-element_type=\"container\">\n\t\t\t\t\t<div class=\"e-con-inner\">\n\t\t\t\t<div class=\"elementor-element elementor-element-728d939 elementor-widget elementor-widget-text-editor\" data-id=\"728d939\" data-element_type=\"widget\" data-widget_type=\"text-editor.default\">\n\t\t\t\t<div class=\"elementor-widget-container\">\n\t\t\t<style>\/*! elementor - v3.22.0 - 24-06-2024 *\/\n.elementor-widget-text-editor.elementor-drop-cap-view-stacked .elementor-drop-cap{background-color:#69727d;color:#fff}.elementor-widget-text-editor.elementor-drop-cap-view-framed .elementor-drop-cap{color:#69727d;border:3px solid;background-color:transparent}.elementor-widget-text-editor:not(.elementor-drop-cap-view-default) .elementor-drop-cap{margin-top:8px}.elementor-widget-text-editor:not(.elementor-drop-cap-view-default) .elementor-drop-cap-letter{width:1em;height:1em}.elementor-widget-text-editor .elementor-drop-cap{float:left;text-align:center;line-height:1;font-size:50px}.elementor-widget-text-editor .elementor-drop-cap-letter{display:inline-block}<\/style>\t\t\t\t<p><strong>ADRESSE : Ko\u0142obrzeg ul. Ost 20 \/ 628 &amp; 629<\/strong><\/p>\n<p><span style=\"color: #ff0000;\"><strong>Bitte checken Sie nicht an der Hotelrezeption ein.<\/strong><\/span><\/p>\n<p>Die Wohnung Nummer 628 oder 629 befindet sich im 6. Der Zutritt zum Gel\u00e4nde ist f\u00fcr 15 Minuten kostenlos. Um einen Parkplatz zu reservieren, m\u00fcssen Sie diesen an der Hotelrezeption kaufen (keine Vorbestellung m\u00f6glich). Die Aufz\u00fcge, die Ihnen zur Verf\u00fcgung stehen, befinden sich am Pool und an der Vorderseite beim Restaurant und im Fitnessbereich. Die Aufz\u00fcge an der Rezeption k\u00f6nnen nicht benutzt werden. Es besteht die Pflicht, den M\u00fcll in der Wohnung zu trennen. Die Wohnung ist mit geeigneten Containern ausgestattet. Die M\u00fclldeponie befindet sich an der Zufahrtsstra\u00dfe (sie ist auf der Karte eingezeichnet).<\/p>\n<p>Die Wohnung verf\u00fcgt \u00fcber eine Dolce Gusto-Kaffeemaschine. Wenn Sie an der Maschine interessiert sind, kaufen Sie bitte Kapseln.<\/p>\n<p>Der T\u00fcrcode wird Ihnen am Tag vor dem Check-in zugeschickt.<\/p>\n<p>Internet-Netzwerk: UPC241086712 Passwort: A9735MSQ<\/p>\n<p>F\u00fcr den Swimmingpool wird eine zus\u00e4tzliche Geb\u00fchr erhoben. Der Eintritt kann an der Rezeption des Pools erworben werden.<\/p>\n<p>F\u00fcr das Fitnessstudio wird eine zus\u00e4tzliche Geb\u00fchr erhoben. Der Eintritt kann an der Hotelrezeption erworben werden.<\/p>\n<p>F\u00fcr die Kletterwand wird ein Aufpreis erhoben. Der Eintritt kann im Atrium erworben werden.<\/p>\n\t\t\t\t\t\t<\/div>\n\t\t\t\t<\/div>\n\t\t\t\t\t<\/div>\n\t\t\t\t<\/div>\n\t\t<div class=\"elementor-element elementor-element-9f15160 e-flex e-con-boxed e-con e-parent\" data-id=\"9f15160\" data-element_type=\"container\">\n\t\t\t\t\t<div class=\"e-con-inner\">\n\t\t\t\t<div class=\"elementor-element elementor-element-be41b7b elementor-widget elementor-widget-image\" data-id=\"be41b7b\" data-element_type=\"widget\" data-widget_type=\"image.default\">\n\t\t\t\t<div class=\"elementor-widget-container\">\n\t\t\t<style>\/*! elementor - v3.22.0 - 24-06-2024 *\/\n.elementor-widget-image{text-align:center}.elementor-widget-image a{display:inline-block}.elementor-widget-image a img[src$=\".svg\"]{width:48px}.elementor-widget-image img{vertical-align:middle;display:inline-block}<\/style>\t\t\t\t\t\t\t\t\t\t<img fetchpriority=\"high\" decoding=\"async\" width=\"724\" height=\"1024\" src=\"https:\/\/villmaris.pl\/wp-content\/uploads\/2024\/06\/seaside-724x1024.webp\" class=\"attachment-large size-large wp-image-370\" alt=\"\" srcset=\"https:\/\/villmaris.pl\/wp-content\/uploads\/2024\/06\/seaside-724x1024.webp 724w, https:\/\/villmaris.pl\/wp-content\/uploads\/2024\/06\/seaside-212x300.webp 212w, https:\/\/villmaris.pl\/wp-content\/uploads\/2024\/06\/seaside-768x1087.webp 768w, https:\/\/villmaris.pl\/wp-content\/uploads\/2024\/06\/seaside.webp 814w\" sizes=\"(max-width: 724px) 100vw, 724px\" \/>\t\t\t\t\t\t\t\t\t\t\t\t\t<\/div>\n\t\t\t\t<\/div>\n\t\t\t\t\t<\/div>\n\t\t\t\t<\/div>\n\t\t\t\t<\/div>\n\t\t","protected":false},"excerpt":{"rendered":"<p>CHECK-IN-ANWEISUNGEN PRIVATWOHNUNG AM MEER ADRESSE : Ko\u0142obrzeg ul. Ost 20 \/ 628 &amp; 629 Bitte checken Sie nicht an der [&hellip;]<\/p>\n","protected":false},"author":1,"featured_media":0,"parent":0,"menu_order":0,"comment_status":"closed","ping_status":"closed","template":"","meta":{"site-sidebar-layout":"no-sidebar","site-content-layout":"","ast-site-content-layout":"full-width-container","site-content-style":"default","site-sidebar-style":"default","ast-global-header-display":"","ast-banner-title-visibility":"","ast-main-header-display":"","ast-hfb-above-header-display":"","ast-hfb-below-header-display":"","ast-hfb-mobile-header-display":"","site-post-title":"disabled","ast-breadcrumbs-content":"","ast-featured-img":"disabled","footer-sml-layout":"","theme-transparent-header-meta":"","adv-header-id-meta":"","stick-header-meta":"","header-above-stick-meta":"","header-main-stick-meta":"","header-below-stick-meta":"","astra-migrate-meta-layouts":"default","ast-page-background-enabled":"default","ast-page-background-meta":{"desktop":{"background-color":"var(--ast-global-color-4)","background-image":"","background-repeat":"repeat","background-position":"center center","background-size":"auto","background-attachment":"scroll","background-type":"","background-media":"","overlay-type":"","overlay-color":"","overlay-opacity":"","overlay-gradient":""},"tablet":{"background-color":"","background-image":"","background-repeat":"repeat","background-position":"center center","background-size":"auto","background-attachment":"scroll","background-type":"","background-media":"","overlay-type":"","overlay-color":"","overlay-opacity":"","overlay-gradient":""},"mobile":{"background-color":"","background-image":"","background-repeat":"repeat","background-position":"center center","background-size":"auto","background-attachment":"scroll","background-type":"","background-media":"","overlay-type":"","overlay-color":"","overlay-opacity":"","overlay-gradient":""}},"ast-content-background-meta":{"desktop":{"background-color":"var(--ast-global-color-5)","background-image":"","background-repeat":"repeat","background-position":"center center","background-size":"auto","background-attachment":"scroll","background-type":"","background-media":"","overlay-type":"","overlay-color":"","overlay-opacity":"","overlay-gradient":""},"tablet":{"background-color":"var(--ast-global-color-5)","background-image":"","background-repeat":"repeat","background-position":"center center","background-size":"auto","background-attachment":"scroll","background-type":"","background-media":"","overlay-type":"","overlay-color":"","overlay-opacity":"","overlay-gradient":""},"mobile":{"background-color":"var(--ast-global-color-5)","background-image":"","background-repeat":"repeat","background-position":"center center","background-size":"auto","background-attachment":"scroll","background-type":"","background-media":"","overlay-type":"","overlay-color":"","overlay-opacity":"","overlay-gradient":""}},"footnotes":""},"_links":{"self":[{"href":"https:\/\/villmaris.pl\/de\/wp-json\/wp\/v2\/pages\/693"}],"collection":[{"href":"https:\/\/villmaris.pl\/de\/wp-json\/wp\/v2\/pages"}],"about":[{"href":"https:\/\/villmaris.pl\/de\/wp-json\/wp\/v2\/types\/page"}],"author":[{"embeddable":true,"href":"https:\/\/villmaris.pl\/de\/wp-json\/wp\/v2\/users\/1"}],"replies":[{"embeddable":true,"href":"https:\/\/villmaris.pl\/de\/wp-json\/wp\/v2\/comments?post=693"}],"version-history":[{"count":1,"href":"https:\/\/villmaris.pl\/de\/wp-json\/wp\/v2\/pages\/693\/revisions"}],"predecessor-version":[{"id":694,"href":"https:\/\/villmaris.pl\/de\/wp-json\/wp\/v2\/pages\/693\/revisions\/694"}],"wp:attachment":[{"href":"https:\/\/villmaris.pl\/de\/wp-json\/wp\/v2\/media?parent=693"}],"curies":[{"name":"wp","href":"https:\/\/api.w.org\/{rel}","templated":true}]}}